{"id":154,"date":"2018-07-12T14:40:48","date_gmt":"2018-07-12T12:40:48","guid":{"rendered":"http:\/\/psychoedu.pl\/?page_id=154"},"modified":"2025-04-07T19:36:25","modified_gmt":"2025-04-07T17:36:25","slug":"oferta","status":"publish","type":"page","link":"https:\/\/psychoedu.pl\/?page_id=154","title":{"rendered":"Oferta"},"content":{"rendered":"<p>[et_pb_section fb_built=&#8221;1&#8243; _builder_version=&#8221;3.22&#8243; background_image=&#8221;https:\/\/psychoedu.pl\/wp-content\/uploads\/2018\/07\/tloblue.jpg&#8221; parallax=&#8221;on&#8221; parallax_method=&#8221;off&#8221;][et_pb_row _builder_version=&#8221;3.25&#8243; background_size=&#8221;initial&#8221; background_position=&#8221;top_left&#8221; background_repeat=&#8221;repeat&#8221;][et_pb_column type=&#8221;4_4&#8243; _builder_version=&#8221;3.25&#8243; custom_padding=&#8221;|||&#8221; custom_padding__hover=&#8221;|||&#8221;][et_pb_text admin_label=&#8221;Oferta&#8221; _builder_version=&#8221;4.0.9&#8243; header_2_text_align=&#8221;center&#8221; header_2_text_color=&#8221;#ffffff&#8221; animation_style=&#8221;zoom&#8221;]<\/p>\n<h2>Oferta<\/h2>\n<p>[\/et_pb_text][et_pb_divider color=&#8221;#ffffff&#8221; _builder_version=&#8221;3.2&#8243;][\/et_pb_divider][\/et_pb_column][\/et_pb_row][\/et_pb_section][et_pb_section fb_built=&#8221;1&#8243; _builder_version=&#8221;3.22&#8243; background_image=&#8221;https:\/\/psychoedu.pl\/wp-content\/uploads\/2018\/07\/tlo.jpg&#8221; parallax=&#8221;on&#8221; parallax_method=&#8221;off&#8221;][et_pb_row _builder_version=&#8221;4.0.9&#8243;][et_pb_column type=&#8221;4_4&#8243; _builder_version=&#8221;4.0.9&#8243;][et_pb_text _builder_version=&#8221;4.0.9&#8243; text_orientation=&#8221;center&#8221; animation_style=&#8221;zoom&#8221;]<\/p>\n<p><strong>Konsultacje indywidualne i rodzinne, diagnostyka psychologiczna, opiniowanie specjalistyczne, psychoedukacja, edukacja seksualna,<br \/>pomoc i wsparcie psychologiczne, interwencja kryzysowa, terapia psychologiczna, pomoc psychologiczna dla par, praca z osobami w kryzysie<br \/>i po prze\u017cytej traumie, pomoc i wsparcie w sytuacji straty i w procesie \u017ca\u0142oby.<\/strong><\/p>\n<p>[\/et_pb_text][\/et_pb_column][\/et_pb_row][et_pb_row _builder_version=&#8221;4.0.9&#8243;][et_pb_column type=&#8221;4_4&#8243; _builder_version=&#8221;4.0.9&#8243;][et_pb_text _builder_version=&#8221;4.0.9&#8243; header_3_font=&#8221;|||on|||||&#8221; header_3_text_align=&#8221;left&#8221; header_3_text_color=&#8221;#2791d0&#8243; animation_style=&#8221;zoom&#8221;]<\/p>\n<h3>Diagnoza i terapia psychologiczna<\/h3>\n<ul>\n<li>zaburze\u0144 neurorozwojowych dzieci i m\u0142odzie\u017cy (zesp\u00f3\u0142 nadpobudliwo\u015bci psychoruchowej z zaburzeniami koncentracji uwagi <em>ADHD<\/em>; ca\u0142o\u015bciowe zaburzenia rozwojowe ze spektrum autyzmu; zesp\u00f3\u0142 Aspergera);<\/li>\n<li>zaburze\u0144 od\u017cywiania: anoreksja, bulimia, oty\u0142o\u015b\u0107, kompulsywne objadanie si\u0119;<\/li>\n<li>zaburze\u0144 eksternalizacyjnych dzieci i m\u0142odzie\u017cy i os\u00f3b doros\u0142ych;<\/li>\n<li>zaburze\u0144 l\u0119kowych dzieci, m\u0142odzie\u017cy i os\u00f3b doros\u0142ych (napady paniki, fobia szkolna, fobia spo\u0142eczna, l\u0119k napadowy, l\u0119k uog\u00f3lniony, <em>OCD<\/em> &#8211; zaburzenie obsesyjno \u2013 kompulsywne);<\/li>\n<li>zaburze\u0144 tikowych (<em>zesp\u00f3\u0142 Gillesa de la Tourette\u2019a<\/em>) i moczenia mimowolnego<\/li>\n<li>depresji dzieci i m\u0142odzie\u017cy (akty samookaleczania si\u0119, my\u015bli samob\u00f3jcze, ryzyko samob\u00f3jstwa);<\/li>\n<li>depresji os\u00f3b doros\u0142ych;<\/li>\n<\/ul>\n<p>[\/et_pb_text][et_pb_text _builder_version=&#8221;4.0.9&#8243; header_3_font=&#8221;|||on|||||&#8221; header_3_text_align=&#8221;left&#8221; header_3_text_color=&#8221;#2791d0&#8243; animation_style=&#8221;zoom&#8221;]<\/p>\n<h3>Konsultacje i terapia par (poradnictwo rodzinne, sytuacje oko\u0142orozwodowe)<\/h3>\n<p><strong>Wsparcie i pomoc w zakresie:<\/strong><\/p>\n<p><strong><\/strong><\/p>\n<ul>\n<li>kryzys\u00f3w rodzinnych (np. zwi\u0105zanych z utrat\u0105, \u017ca\u0142ob\u0105);<\/li>\n<li>kryzys\u00f3w wieku dorastania (wsparcie dla rodzic\u00f3w i nastolatk\u00f3w);<\/li>\n<li>rozstania i rozwodu rodzic\u00f3w (pomoc w rozwi\u0105zywaniu konflikt\u00f3w);<\/li>\n<li>zaburze\u0144 emocjonalnych i zaburze\u0144 zachowania dzieci i m\u0142odzie\u017cy;<\/li>\n<li>treningu umiej\u0119tno\u015bci wychowawczych; warsztaty dla rodzic\u00f3w;<\/li>\n<li>trudno\u015bci wychowawczych i szkolnych;<\/li>\n<li>poradnictwa i edukacji seksualnej (dzieci i m\u0142odzie\u017cy, rodzic\u00f3w oraz par);<\/li>\n<\/ul>\n<p>[\/et_pb_text][et_pb_text _builder_version=&#8221;4.0.9&#8243; text_orientation=&#8221;center&#8221; animation_style=&#8221;zoom&#8221;]<\/p>\n<p><strong>Warsztaty umiej\u0119tno\u015bci wychowawczych dla rodzic\u00f3w i opiekun\u00f3w<\/strong><br \/><strong> Diagnoza dojrza\u0142o\u015bci szkolnej dzieci rozpoczynaj\u0105cych nauk\u0119 (diagnoza ryzyka dysleksji)<\/strong><br \/><strong> Ocena potencja\u0142u intelektualnego dzieci, m\u0142odzie\u017cy i os\u00f3b doros\u0142ych<\/strong><br \/><strong> Diagnoza struktury osobowo\u015bci os\u00f3b doros\u0142ych<\/strong><br \/><strong> Szkolenia dla plac\u00f3wek o\u015bwiatowych i opieku\u0144czo \u2013 wychowawczych z zakresu prawid\u0142owo\u015bci rozwojowych dziecka<br \/>oraz ryzyka psychopatologii u dzieci i m\u0142odzie\u017cy<\/strong><\/p>\n<p>[\/et_pb_text][\/et_pb_column][\/et_pb_row][\/et_pb_section]<\/p>\n","protected":false},"excerpt":{"rendered":"<p>[et_pb_section fb_built=&#8221;1&#8243; _builder_version=&#8221;3.22&#8243; background_image=&#8221;https:\/\/psychoedu.pl\/wp-content\/uploads\/2018\/07\/tloblue.jpg&#8221; parallax=&#8221;on&#8221; parallax_method=&#8221;off&#8221;][et_pb_row _builder_version=&#8221;3.25&#8243; background_size=&#8221;initial&#8221; background_position=&#8221;top_left&#8221; background_repeat=&#8221;repeat&#8221;][et_pb_column type=&#8221;4_4&#8243; _builder_version=&#8221;3.25&#8243; custom_padding=&#8221;|||&#8221; custom_padding__hover=&#8221;|||&#8221;][et_pb_text admin_label=&#8221;Oferta&#8221; _builder_version=&#8221;4.0.9&#8243; header_2_text_align=&#8221;center&#8221; header_2_text_color=&#8221;#ffffff&#8221; animation_style=&#8221;zoom&#8221;] Oferta [\/et_pb_text][et_pb_divider color=&#8221;#ffffff&#8221; _builder_version=&#8221;3.2&#8243;][\/et_pb_divider][\/et_pb_column][\/et_pb_row][\/et_pb_section][et_pb_section fb_built=&#8221;1&#8243; _builder_version=&#8221;3.22&#8243; background_image=&#8221;https:\/\/psychoedu.pl\/wp-content\/uploads\/2018\/07\/tlo.jpg&#8221; parallax=&#8221;on&#8221; parallax_method=&#8221;off&#8221;][et_pb_row _builder_version=&#8221;4.0.9&#8243;][et_pb_column type=&#8221;4_4&#8243; _builder_version=&#8221;4.0.9&#8243;][et_pb_text _builder_version=&#8221;4.0.9&#8243; text_orientation=&#8221;center&#8221; animation_style=&#8221;zoom&#8221;] Konsultacje indywidualne i rodzinne, diagnostyka psychologiczna, opiniowanie specjalistyczne, psychoedukacja, edukacja seksualna,pomoc i wsparcie psychologiczne, interwencja kryzysowa, terapia psychologiczna, pomoc psychologiczna dla [&hellip;]<\/p>\n","protected":false},"author":1,"featured_media":0,"parent":0,"menu_order":0,"comment_status":"closed","ping_status":"closed","template":"","meta":{"_et_pb_use_builder":"on","_et_pb_old_content":"","_et_gb_content_width":"","footnotes":""},"class_list":["post-154","page","type-page","status-publish","hentry"],"_links":{"self":[{"href":"https:\/\/psychoedu.pl\/index.php?rest_route=\/wp\/v2\/pages\/154","targetHints":{"allow":["GET"]}}],"collection":[{"href":"https:\/\/psychoedu.pl\/index.php?rest_route=\/wp\/v2\/pages"}],"about":[{"href":"https:\/\/psychoedu.pl\/index.php?rest_route=\/wp\/v2\/types\/page"}],"author":[{"embeddable":true,"href":"https:\/\/psychoedu.pl\/index.php?rest_route=\/wp\/v2\/users\/1"}],"replies":[{"embeddable":true,"href":"https:\/\/psychoedu.pl\/index.php?rest_route=%2Fwp%2Fv2%2Fcomments&post=154"}],"version-history":[{"count":17,"href":"https:\/\/psychoedu.pl\/index.php?rest_route=\/wp\/v2\/pages\/154\/revisions"}],"predecessor-version":[{"id":422,"href":"https:\/\/psychoedu.pl\/index.php?rest_route=\/wp\/v2\/pages\/154\/revisions\/422"}],"wp:attachment":[{"href":"https:\/\/psychoedu.pl\/index.php?rest_route=%2Fwp%2Fv2%2Fmedia&parent=154"}],"curies":[{"name":"wp","href":"https:\/\/api.w.org\/{rel}","templated":true}]}}