{"id":279,"date":"2020-08-12T12:23:33","date_gmt":"2020-08-12T10:23:33","guid":{"rendered":"http:\/\/psychoedu.pl\/?page_id=279"},"modified":"2025-04-07T19:42:54","modified_gmt":"2025-04-07T17:42:54","slug":"specjalisci","status":"publish","type":"page","link":"https:\/\/psychoedu.pl\/?page_id=279","title":{"rendered":"Specjali\u015bci"},"content":{"rendered":"<p>[et_pb_section fb_built=&#8221;1&#8243; _builder_version=&#8221;3.22&#8243; background_image=&#8221;https:\/\/psychoedu.pl\/wp-content\/uploads\/2018\/07\/tloblue.jpg&#8221; parallax=&#8221;on&#8221; parallax_method=&#8221;off&#8221;][et_pb_row _builder_version=&#8221;3.25&#8243; background_size=&#8221;initial&#8221; background_position=&#8221;top_left&#8221; background_repeat=&#8221;repeat&#8221;][et_pb_column type=&#8221;4_4&#8243; _builder_version=&#8221;3.25&#8243; custom_padding=&#8221;|||&#8221; custom_padding__hover=&#8221;|||&#8221;][et_pb_text admin_label=&#8221;Oferta&#8221; _builder_version=&#8221;4.0.9&#8243; header_2_text_align=&#8221;center&#8221; header_2_text_color=&#8221;#ffffff&#8221; animation_style=&#8221;zoom&#8221;]<\/p>\n<h2>Specjali\u015bci<\/h2>\n<p>[\/et_pb_text][et_pb_divider color=&#8221;#ffffff&#8221; _builder_version=&#8221;3.2&#8243;][\/et_pb_divider][\/et_pb_column][\/et_pb_row][\/et_pb_section][et_pb_section fb_built=&#8221;1&#8243; _builder_version=&#8221;3.22&#8243; background_image=&#8221;https:\/\/psychoedu.pl\/wp-content\/uploads\/2018\/07\/tlo.jpg&#8221; parallax=&#8221;on&#8221; parallax_method=&#8221;off&#8221;][et_pb_row _builder_version=&#8221;4.0.9&#8243;][et_pb_column type=&#8221;4_4&#8243; _builder_version=&#8221;4.0.9&#8243;][et_pb_text _builder_version=&#8221;4.9.7&#8243; header_3_font=&#8221;|||on|||||&#8221; header_3_text_color=&#8221;#2791d0&#8243; animation_style=&#8221;zoom&#8221; hover_enabled=&#8221;0&#8243; sticky_enabled=&#8221;0&#8243;]<\/p>\n<h3>mgr Micha\u0142 Olewicz<\/h3>\n<p><strong>psycholog kliniczny, seksuolog kliniczny , terapeuta par<\/strong><\/p>\n<p>Absolwent Psychologii Uniwersytetu Wroc\u0142awskiego; specjalno\u015b\u0107: Psychologia Kliniczna<br \/>i Zdrowia; Studia Podyplomowe z zakresu Seksuologii Klinicznej na Uniwersytecie SWPS<br \/>w Warszawie; Roczna Szko\u0142a Psychoterapii Par we Wroc\u0142awiu (edycja 1).<\/p>\n<p>Od 2020 r. przyjmuj\u0119 w ramach w\u0142asnej praktyki w prywatnym gabinecie psychologiczno \u2013 seksuologicznym Cz\u0119stochowie.<\/p>\n<p>Pracuj\u0119 z pacjentami w ka\u017cdym wieku. Udzielam wsparcia w kryzysach (r\u00f3wnie\u017c suicydalnych),<br \/>w \u017ca\u0142obie (po przebytej stracie, po rozstaniu), w zaburzeniach l\u0119kowych i depresyjnych. Prowadz\u0119 edukacj\u0119 seksualn\u0105 i psychoedukacj\u0119 (rodzic\u00f3w oraz dzieci i m\u0142odzie\u017cy). Diagnozuj\u0119 w obszarze zaburze\u0144 to\u017csamo\u015bci p\u0142ciowej i dysforii p\u0142ciowej. Posiadam w tym zakresie obszern\u0105 i szczeg\u00f3\u0142ow\u0105 wiedz\u0119.<\/p>\n<p>Moje zainteresowania naukowe obejmuj\u0105 specyficzne trudno\u015bci os\u00f3b dotkni\u0119tych stresem mniejszo\u015bciowym oraz wykluczeniem i marginalizacj\u0105 spo\u0142eczn\u0105. M\u00f3j gabinet jest przyjazny mniejszo\u015bciom p\u0142ciowym i seksualnym. Jest otwarty dla wszystkich niezale\u017cnie od przekona\u0144 religijnych<\/br>i \u015bwiatopogl\u0105dowych, a ja sam podchodz\u0119 do nich z szacunkiem. Przywi\u0105zuj\u0119 du\u017c\u0105 wag\u0119 do etyki zawodowej (w oparciu o Kodeks Etyczny Psychologa Polskiego Towarzystwa Psychologicznego).<\/p>\n<p>[\/et_pb_text][\/et_pb_column][\/et_pb_row][et_pb_row _builder_version=&#8221;4.0.9&#8243;][et_pb_column type=&#8221;4_4&#8243; _builder_version=&#8221;4.0.9&#8243;][et_pb_divider color=&#8221;#969696&#8243; _builder_version=&#8221;4.0.9&#8243;][\/et_pb_divider][\/et_pb_column][\/et_pb_row][et_pb_row column_structure=&#8221;2_5,3_5&#8243; _builder_version=&#8221;4.0.9&#8243;][et_pb_column type=&#8221;2_5&#8243; _builder_version=&#8221;4.0.9&#8243;][et_pb_image src=&#8221;https:\/\/psychoedu.pl\/wp-content\/uploads\/2020\/04\/IMG_20200115_150001.jpg&#8221; _builder_version=&#8221;4.0.9&#8243; animation_style=&#8221;zoom&#8221;][\/et_pb_image][\/et_pb_column][et_pb_column type=&#8221;3_5&#8243; _builder_version=&#8221;4.0.9&#8243;][et_pb_text _builder_version=&#8221;4.9.7&#8243; header_3_font=&#8221;|||on|||||&#8221; header_3_text_color=&#8221;#2791d0&#8243; animation_style=&#8221;zoom&#8221; hover_enabled=&#8221;0&#8243; sticky_enabled=&#8221;0&#8243;]<\/p>\n<h3>dr Katarzyna Ku\u015bmierek &#8211; Olewicz<\/h3>\n<p><strong>psycholog kliniczna, psychotraumatolog, psycholog dzieci\u0119ca, terapeutka par<\/strong><\/p>\n<p>Uko\u0144czy\u0142a psychologi\u0119 kliniczn\u0105 w Szkole Wy\u017cszej Psychologii Spo\u0142ecznej<br \/>w Katowicach (obecnie Uniwersytet SWPS) oraz studia doktoranckie na Wydziale Nauk Spo\u0142ecznych Uniwersytetu \u015al\u0105skiego w Katowicach.<br \/> Ponadto szereg specjalistycznych szkole\u0144, warsztat\u00f3w i studi\u00f3w podyplomowych<\/br>z zakresu diagnozy i terapii dzieci i m\u0142odzie\u017cy, terapii par oraz terapii traumy.<\/p>\n<p>Specjalizuje si\u0119 w diagnozie i terapii zaburze\u0144 neurorozwojowych dzieci i m\u0142odzie\u017cy.<br \/> Ceniona przez pacjent\u00f3w za rzetelno\u015b\u0107, \u017cyczliwo\u015b\u0107 i poczucie humoru.<\/p>\n<p>[\/et_pb_text][\/et_pb_column][\/et_pb_row][\/et_pb_section]<\/p>\n","protected":false},"excerpt":{"rendered":"<p>[et_pb_section fb_built=&#8221;1&#8243; _builder_version=&#8221;3.22&#8243; background_image=&#8221;https:\/\/psychoedu.pl\/wp-content\/uploads\/2018\/07\/tloblue.jpg&#8221; parallax=&#8221;on&#8221; parallax_method=&#8221;off&#8221;][et_pb_row _builder_version=&#8221;3.25&#8243; background_size=&#8221;initial&#8221; background_position=&#8221;top_left&#8221; background_repeat=&#8221;repeat&#8221;][et_pb_column type=&#8221;4_4&#8243; _builder_version=&#8221;3.25&#8243; custom_padding=&#8221;|||&#8221; custom_padding__hover=&#8221;|||&#8221;][et_pb_text admin_label=&#8221;Oferta&#8221; _builder_version=&#8221;4.0.9&#8243; header_2_text_align=&#8221;center&#8221; header_2_text_color=&#8221;#ffffff&#8221; animation_style=&#8221;zoom&#8221;] Specjali\u015bci [\/et_pb_text][et_pb_divider color=&#8221;#ffffff&#8221; _builder_version=&#8221;3.2&#8243;][\/et_pb_divider][\/et_pb_column][\/et_pb_row][\/et_pb_section][et_pb_section fb_built=&#8221;1&#8243; _builder_version=&#8221;3.22&#8243; background_image=&#8221;https:\/\/psychoedu.pl\/wp-content\/uploads\/2018\/07\/tlo.jpg&#8221; parallax=&#8221;on&#8221; parallax_method=&#8221;off&#8221;][et_pb_row _builder_version=&#8221;4.0.9&#8243;][et_pb_column type=&#8221;4_4&#8243; _builder_version=&#8221;4.0.9&#8243;][et_pb_text _builder_version=&#8221;4.9.7&#8243; header_3_font=&#8221;|||on|||||&#8221; header_3_text_color=&#8221;#2791d0&#8243; animation_style=&#8221;zoom&#8221; hover_enabled=&#8221;0&#8243; sticky_enabled=&#8221;0&#8243;] mgr Micha\u0142 Olewicz psycholog kliniczny, seksuolog kliniczny , terapeuta par Absolwent Psychologii Uniwersytetu Wroc\u0142awskiego; specjalno\u015b\u0107: Psychologia Klinicznai Zdrowia; [&hellip;]<\/p>\n","protected":false},"author":1,"featured_media":0,"parent":0,"menu_order":0,"comment_status":"closed","ping_status":"closed","template":"","meta":{"_et_pb_use_builder":"on","_et_pb_old_content":"","_et_gb_content_width":"","footnotes":""},"class_list":["post-279","page","type-page","status-publish","hentry"],"_links":{"self":[{"href":"https:\/\/psychoedu.pl\/index.php?rest_route=\/wp\/v2\/pages\/279","targetHints":{"allow":["GET"]}}],"collection":[{"href":"https:\/\/psychoedu.pl\/index.php?rest_route=\/wp\/v2\/pages"}],"about":[{"href":"https:\/\/psychoedu.pl\/index.php?rest_route=\/wp\/v2\/types\/page"}],"author":[{"embeddable":true,"href":"https:\/\/psychoedu.pl\/index.php?rest_route=\/wp\/v2\/users\/1"}],"replies":[{"embeddable":true,"href":"https:\/\/psychoedu.pl\/index.php?rest_route=%2Fwp%2Fv2%2Fcomments&post=279"}],"version-history":[{"count":31,"href":"https:\/\/psychoedu.pl\/index.php?rest_route=\/wp\/v2\/pages\/279\/revisions"}],"predecessor-version":[{"id":429,"href":"https:\/\/psychoedu.pl\/index.php?rest_route=\/wp\/v2\/pages\/279\/revisions\/429"}],"wp:attachment":[{"href":"https:\/\/psychoedu.pl\/index.php?rest_route=%2Fwp%2Fv2%2Fmedia&parent=279"}],"curies":[{"name":"wp","href":"https:\/\/api.w.org\/{rel}","templated":true}]}}