{"id":6,"date":"2018-07-11T11:33:31","date_gmt":"2018-07-11T09:33:31","guid":{"rendered":"http:\/\/psychoedu.pl\/?page_id=6"},"modified":"2025-04-07T19:40:20","modified_gmt":"2025-04-07T17:40:20","slug":"start","status":"publish","type":"page","link":"https:\/\/psychoedu.pl\/","title":{"rendered":"O minie"},"content":{"rendered":"<p>[et_pb_section fb_built=&#8221;1&#8243; _builder_version=&#8221;4.0.9&#8243; background_enable_color=&#8221;off&#8221; background_image=&#8221;https:\/\/psychoedu.pl\/wp-content\/uploads\/2018\/07\/tloblue.jpg&#8221; parallax=&#8221;on&#8221; parallax_method=&#8221;off&#8221;][et_pb_row _builder_version=&#8221;4.9.7&#8243; _module_preset=&#8221;default&#8221;][et_pb_column type=&#8221;4_4&#8243; _builder_version=&#8221;4.9.7&#8243; _module_preset=&#8221;default&#8221;][et_pb_text _builder_version=&#8221;4.9.7&#8243; text_font=&#8221;||||||||&#8221; text_text_color=&#8221;#ffffff&#8221; header_font=&#8221;||||||||&#8221; header_text_color=&#8221;#ffffff&#8221; header_3_font=&#8221;|||on|||||&#8221; header_3_text_align=&#8221;center&#8221; header_3_text_color=&#8221;#ffffff&#8221; header_3_font_size=&#8221;20px&#8221; text_orientation=&#8221;center&#8221; custom_margin=&#8221;||0px||false|false&#8221; animation_style=&#8221;zoom&#8221;]<\/p>\n<h1>CENTRUM DIAGNOSTYKI<\/BR>POMOCY PSYCHOLOGICZNEJ I SEKSUOLOGICZNEJ<\/br>ORAZ PSYCHOEDUKACJI I TERAPII TRAUMY<\/h1>\n<p>[\/et_pb_text][\/et_pb_column][\/et_pb_row][et_pb_row _builder_version=&#8221;4.0.9&#8243;][et_pb_column type=&#8221;4_4&#8243; _builder_version=&#8221;4.0.9&#8243;][et_pb_text _builder_version=&#8221;4.9.7&#8243; text_font=&#8221;||||||||&#8221; text_text_color=&#8221;#ffffff&#8221; text_font_size=&#8221;23px&#8221; header_font=&#8221;||||||||&#8221; header_text_color=&#8221;#ffffff&#8221; header_3_font=&#8221;|||on|||||&#8221; header_3_text_align=&#8221;center&#8221; header_3_text_color=&#8221;#ffffff&#8221; header_3_font_size=&#8221;20px&#8221; text_orientation=&#8221;center&#8221; custom_margin=&#8221;||||false|false&#8221; custom_padding=&#8221;||||false|false&#8221; animation_style=&#8221;zoom&#8221;]<\/p>\n<p>WSPARCIE I POMOC PSYCHOLOGICZNA, DIAGNOSTYKA PSYCHOLOGICZNA I SEKSUOLOGICZNA<\/br>KONSULTACJE, PSYCHOEDUKACJA, EDUKACJA SEKSUALNA<\/br>TERAPIA PSYCHOLOGICZNA, TERAPIA PAR<\/p>\n<p>dr Katarzyna Ku\u015bmierek &#8211; Olewicz<\/p>\n<p>mgr Micha\u0142 Olewicz<\/p>\n<p>[\/et_pb_text][et_pb_text _builder_version=&#8221;4.0.9&#8243; text_font=&#8221;||||||||&#8221; text_text_color=&#8221;#ffffff&#8221; header_font=&#8221;||||||||&#8221; header_3_font=&#8221;|||on|||||&#8221; header_3_text_align=&#8221;center&#8221; header_3_text_color=&#8221;#ffffff&#8221; header_3_font_size=&#8221;20px&#8221; text_orientation=&#8221;center&#8221; custom_margin=&#8221;||0px||false|false&#8221; animation_style=&#8221;zoom&#8221;]<\/p>\n<p><strong>Centrum udziela pomocy osobom przejawiaj\u0105cym zaburzenia afektywne (nastroju), trudno\u015bci l\u0119kowe, b\u0119d\u0105cym w kryzysie, \u017ca\u0142obie,<\/strong><strong><\/strong><\/p>\n<p>[\/et_pb_text][et_pb_text _builder_version=&#8221;4.9.7&#8243; text_font=&#8221;||||||||&#8221; text_text_color=&#8221;#ffffff&#8221; header_font=&#8221;||||||||&#8221; header_3_font=&#8221;|||on|||||&#8221; header_3_text_align=&#8221;center&#8221; header_3_text_color=&#8221;#ffffff&#8221; header_3_font_size=&#8221;20px&#8221; text_orientation=&#8221;center&#8221; animation_style=&#8221;zoom&#8221;]<\/p>\n<p><strong>po rozstaniu i stracie oraz po prze\u017cytej traumie, a tak\u017ce do\u015bwiadczaj\u0105cym stresu mniejszo\u015bciowego i trudno\u015bci w obszarze to\u017csamo\u015bci p\u0142ciowej.<\/strong><\/p>\n<p>[\/et_pb_text][et_pb_text _builder_version=&#8221;4.9.7&#8243; text_font=&#8221;||||||||&#8221; text_text_color=&#8221;#ffffff&#8221; header_font=&#8221;||||||||&#8221; header_3_font=&#8221;|||on|||||&#8221; header_3_text_align=&#8221;center&#8221; header_3_text_color=&#8221;#ffffff&#8221; header_3_font_size=&#8221;20px&#8221; text_orientation=&#8221;center&#8221; animation_style=&#8221;zoom&#8221;]<\/p>\n<p><strong>Dla pacjent\u00f3w dost\u0119pna jest r\u00f3wnie\u017c pomoc online i w formie konsultacji telefonicznych<\/strong><\/p>\n<p>[\/et_pb_text][\/et_pb_column][\/et_pb_row][\/et_pb_section][et_pb_section fb_built=&#8221;1&#8243; module_id=&#8221;omnie&#8221; _builder_version=&#8221;3.22&#8243; background_image=&#8221;https:\/\/psychoedu.pl\/wp-content\/uploads\/2018\/07\/tlo.jpg&#8221; parallax=&#8221;on&#8221; parallax_method=&#8221;off&#8221;][et_pb_row _builder_version=&#8221;3.25&#8243; background_size=&#8221;initial&#8221; background_position=&#8221;top_left&#8221; background_repeat=&#8221;repeat&#8221; custom_padding=&#8221;0px|||&#8221;][et_pb_column type=&#8221;4_4&#8243; _builder_version=&#8221;3.25&#8243; custom_padding=&#8221;|||&#8221; custom_padding__hover=&#8221;|||&#8221;][et_pb_text admin_label=&#8221;O mnie&#8221; _builder_version=&#8221;4.0.9&#8243; header_2_text_align=&#8221;center&#8221; header_2_text_color=&#8221;#2791d0&#8243; animation_style=&#8221;zoom&#8221;]<\/p>\n<h2>O centrum<\/h2>\n<p>[\/et_pb_text][et_pb_divider color=&#8221;#898989&#8243; _builder_version=&#8221;4.0.9&#8243;][\/et_pb_divider][et_pb_text _builder_version=&#8221;4.9.7&#8243; text_orientation=&#8221;center&#8221; animation_style=&#8221;zoom&#8221;]<\/p>\n<p>Centrum PsychoEDU istnieje od 2006 r.<br \/>\u015awiadczona jest w nim specjalistyczna pomoc psychologiczna i seksuologiczna adresowana do dzieci, m\u0142odzie\u017cy, os\u00f3b doros\u0142ych oraz par, a tak\u017ce us\u0142ugi szkoleniowe dla plac\u00f3wek o\u015bwiatowych i opieku\u0144czo \u2013 wychowawczych.<\/p>\n<p>Jako specjali\u015bci zajmujemy si\u0119 diagnoz\u0105, psychoedukacj\u0105 i terapi\u0105 dzieci, m\u0142odzie\u017cy, os\u00f3b doros\u0142ych i par w zakresie zaburze\u0144 emocjonalnych, og\u00f3lnorozwojowych, trudno\u015bci wychowawczych i szkolnych oraz szeroko rozumianych kryzys\u00f3w.<br \/>Pracujemy z klientem indywidualnym, rodzin\u0105 oraz parami. Prowadzimy edukacj\u0119 seksualn\u0105. Pracujemy z pacjentami w kryzysach i po przebytej traumie. Posiadamy do\u015bwiadczenie w zakresie pracy z osobami, kt\u00f3re do\u015bwiadczy\u0142y pokrzywdzenia przest\u0119pstwem oraz z ich bliskimi.<br \/>Prowadzimy treningi umiej\u0119tno\u015bci wychowawczych dla rodzic\u00f3w i opiekun\u00f3w.<\/p>\n<p>\u015awiadomi odpowiedzialno\u015bci za pacjenta i powagi trudno\u015bci, kt\u00f3rymi si\u0119 zajmujemy, dbamy o aktualizowanie poziomu swej wiedzy naukowej<br \/>i stale podnosimy swoje kwalifikacje.<\/p>\n<p>Nade wszystko dbamy o wysoki poziom standard\u00f3w etycznych w wykonywanym zawodzie, okazujemy szacunek i uwa\u017cno\u015b\u0107 dla zg\u0142aszanych problem\u00f3w, prezentujemy otwarty styl bycia, dob\u0105 organizacj\u0119 pracy, sumienno\u015b\u0107, \u017cyczliwo\u015b\u0107, jak r\u00f3wnie\u017c poczucie humoru.<\/p>\n<p><a href=\"https:\/\/psychoedu.pl\/wp-content\/uploads\/2025\/04\/STANDARDY_OCHRONY_MALOLETNICH.pdf\" target=\"_blank\" rel=\"noopener\">&gt;&gt; STANDARDY OCHRONY MALOLETNICH &lt;&lt;<\/a><\/p>\n<p>[\/et_pb_text][\/et_pb_column][\/et_pb_row][et_pb_row _builder_version=&#8221;4.0.9&#8243;][et_pb_column type=&#8221;4_4&#8243; _builder_version=&#8221;4.0.9&#8243;][et_pb_gallery gallery_ids=&#8221;303,304,305,306,307&#8243; show_title_and_caption=&#8221;off&#8221; show_pagination=&#8221;off&#8221; _builder_version=&#8221;4.0.9&#8243; animation_style=&#8221;zoom&#8221;][\/et_pb_gallery][\/et_pb_column][\/et_pb_row][\/et_pb_section][et_pb_section fb_built=&#8221;1&#8243; module_id=&#8221;kontakt&#8221; _builder_version=&#8221;4.0.9&#8243; background_enable_color=&#8221;off&#8221; background_image=&#8221;https:\/\/psychoedu.pl\/wp-content\/uploads\/2018\/07\/tloblue.jpg&#8221; parallax=&#8221;on&#8221; parallax_method=&#8221;off&#8221;][et_pb_row _builder_version=&#8221;3.25&#8243; background_size=&#8221;initial&#8221; background_position=&#8221;top_left&#8221; background_repeat=&#8221;repeat&#8221;][et_pb_column type=&#8221;4_4&#8243; _builder_version=&#8221;3.25&#8243; custom_padding=&#8221;|||&#8221; custom_padding__hover=&#8221;|||&#8221;][et_pb_text admin_label=&#8221;Kontakt&#8221; _builder_version=&#8221;4.0.9&#8243; header_2_text_align=&#8221;center&#8221; header_2_text_color=&#8221;#ffffff&#8221; animation_style=&#8221;zoom&#8221;]<\/p>\n<h2>Kontakt<\/h2>\n<p>[\/et_pb_text][et_pb_divider color=&#8221;#ffffff&#8221; _builder_version=&#8221;4.0.9&#8243;][\/et_pb_divider][\/et_pb_column][\/et_pb_row][et_pb_row column_structure=&#8221;1_3,1_3,1_3&#8243; _builder_version=&#8221;4.0.9&#8243;][et_pb_column type=&#8221;1_3&#8243; _builder_version=&#8221;4.0.9&#8243;][et_pb_text _builder_version=&#8221;4.9.7&#8243; text_text_color=&#8221;#ffffff&#8221; link_font=&#8221;||||on||||&#8221; link_text_color=&#8221;#ffffff&#8221; header_3_text_color=&#8221;#ffffff&#8221; animation_style=&#8221;zoom&#8221; hover_enabled=&#8221;0&#8243; custom_padding=&#8221;||8px|||&#8221; sticky_enabled=&#8221;0&#8243;]<\/p>\n<h3>Gabinety<\/h3>\n<p>Cz\u0119stochowa, ul. 3 Maja 16\/7<br \/>Czestochowa, ul. Pallottiego 1\/1a<\/p>\n<p>[\/et_pb_text][\/et_pb_column][et_pb_column type=&#8221;1_3&#8243; _builder_version=&#8221;4.0.9&#8243;][et_pb_text _builder_version=&#8221;4.0.9&#8243; text_text_color=&#8221;#ffffff&#8221; link_font=&#8221;||||on||||&#8221; link_text_color=&#8221;#ffffff&#8221; header_3_text_color=&#8221;#ffffff&#8221; animation_style=&#8221;zoom&#8221;]<\/p>\n<h3>Micha\u0142 Olewicz<\/h3>\n<p><strong>tel:<\/strong> 793 082 229<br \/> <strong>mail:<\/strong> <a href=\"mailto:michal.olewicz96@gmail.com\">michal.olewicz96@gmail.com<\/a><\/p>\n<p>[\/et_pb_text][\/et_pb_column][et_pb_column type=&#8221;1_3&#8243; _builder_version=&#8221;4.0.9&#8243;][et_pb_text _builder_version=&#8221;4.9.1&#8243; text_text_color=&#8221;#ffffff&#8221; link_font=&#8221;||||on||||&#8221; link_text_color=&#8221;#ffffff&#8221; header_3_text_color=&#8221;#ffffff&#8221; animation_style=&#8221;zoom&#8221;]<\/p>\n<h3>Katarzyna Ku\u015bmierek &#8211; Olewicz<\/h3>\n<p><strong>tel:<\/strong> 515 082 229<br \/> <strong>mail:<\/strong> <a href=\"mailto:psychoedu.terapia@gmail.com\">psychoedu.terapia@gmail.com<\/a><\/p>\n<p>[\/et_pb_text][\/et_pb_column][\/et_pb_row][\/et_pb_section][et_pb_section fb_built=&#8221;1&#8243; fullwidth=&#8221;on&#8221; _builder_version=&#8221;3.22&#8243;][et_pb_fullwidth_map address=&#8221;\u015awi\u0119tego Wincentego Pallottiego 1\/1a, 42-226 Cz\u0119stochowa, Polska&#8221; zoom_level=&#8221;12&#8243; address_lat=&#8221;50.812215315008&#8243; address_lng=&#8221;19.113790952051&#8243; mouse_wheel=&#8221;off&#8221; _builder_version=&#8221;4.9.7&#8243; hover_enabled=&#8221;0&#8243; sticky_enabled=&#8221;0&#8243;][et_pb_map_pin title=&#8221;PsychoEDU \u2013 Czestochowa&#8221; pin_address=&#8221;3 Maja 16, 42-200 Cz\u0119stochowa, Polska&#8221; pin_address_lat=&#8221;50.8144637&#8243; pin_address_lng=&#8221;19.101254700000027&#8243; _builder_version=&#8221;3.0.105&#8243;]<\/p>\n<div class=\"et_pb_text et_pb_module et_pb_bg_layout_light et_pb_text_align_left et_pb_text_4\">\n<div class=\"et_pb_text_inner\">\n<p><strong>dr n. hum. Katarzyna Anna Ku\u015bmierek<\/strong><\/p>\n<p>ul. 3 Maja 16\/7<\/p>\n<p><strong>Mail:<\/strong> <a href=\"mailto:kontakt@psychoedu.pl\">kontakt@psychoedu.pl<\/a><\/p>\n<\/div>\n<\/div>\n<p>[\/et_pb_map_pin][et_pb_map_pin title=&#8221;PsychoEDU \u2013 Czestochowa&#8221; pin_address=&#8221;\u015awi\u0119tego Wincentego Pallottiego 1\/1a, 42-226 Cz\u0119stochowa, Polska&#8221; pin_address_lat=&#8221;50.804839&#8243; pin_address_lng=&#8221;19.0873551&#8243; _builder_version=&#8221;4.9.7&#8243; hover_enabled=&#8221;0&#8243; sticky_enabled=&#8221;0&#8243;]<\/p>\n<div class=\"et_pb_text et_pb_module et_pb_bg_layout_light et_pb_text_align_left et_pb_text_4\">\n<div class=\"et_pb_text_inner\">\n<p><strong>dr n. hum. Katarzyna Anna Ku\u015bmierek<\/strong><\/p>\n<p>Czestochowa, ul. Pallottiego 1\/1a<\/p>\n<p><strong>Mail:<\/strong> <a href=\"mailto:kontakt@psychoedu.pl\">kontakt@psychoedu.pl<\/a><\/p>\n<\/div>\n<\/div>\n<p>[\/et_pb_map_pin][\/et_pb_fullwidth_map][\/et_pb_section]<\/p>\n","protected":false},"excerpt":{"rendered":"<p>[et_pb_section fb_built=&#8221;1&#8243; _builder_version=&#8221;4.0.9&#8243; background_enable_color=&#8221;off&#8221; background_image=&#8221;https:\/\/psychoedu.pl\/wp-content\/uploads\/2018\/07\/tloblue.jpg&#8221; parallax=&#8221;on&#8221; parallax_method=&#8221;off&#8221;][et_pb_row _builder_version=&#8221;4.9.7&#8243; _module_preset=&#8221;default&#8221;][et_pb_column type=&#8221;4_4&#8243; _builder_version=&#8221;4.9.7&#8243; _module_preset=&#8221;default&#8221;][et_pb_text _builder_version=&#8221;4.9.7&#8243; text_font=&#8221;||||||||&#8221; text_text_color=&#8221;#ffffff&#8221; header_font=&#8221;||||||||&#8221; header_text_color=&#8221;#ffffff&#8221; header_3_font=&#8221;|||on|||||&#8221; header_3_text_align=&#8221;center&#8221; header_3_text_color=&#8221;#ffffff&#8221; header_3_font_size=&#8221;20px&#8221; text_orientation=&#8221;center&#8221; custom_margin=&#8221;||0px||false|false&#8221; animation_style=&#8221;zoom&#8221;] CENTRUM DIAGNOSTYKIPOMOCY PSYCHOLOGICZNEJ I SEKSUOLOGICZNEJORAZ PSYCHOEDUKACJI I TERAPII TRAUMY [\/et_pb_text][\/et_pb_column][\/et_pb_row][et_pb_row _builder_version=&#8221;4.0.9&#8243;][et_pb_column type=&#8221;4_4&#8243; _builder_version=&#8221;4.0.9&#8243;][et_pb_text _builder_version=&#8221;4.9.7&#8243; text_font=&#8221;||||||||&#8221; text_text_color=&#8221;#ffffff&#8221; text_font_size=&#8221;23px&#8221; header_font=&#8221;||||||||&#8221; header_text_color=&#8221;#ffffff&#8221; header_3_font=&#8221;|||on|||||&#8221; header_3_text_align=&#8221;center&#8221; header_3_text_color=&#8221;#ffffff&#8221; header_3_font_size=&#8221;20px&#8221; text_orientation=&#8221;center&#8221; custom_margin=&#8221;||||false|false&#8221; custom_padding=&#8221;||||false|false&#8221; animation_style=&#8221;zoom&#8221;] WSPARCIE I POMOC PSYCHOLOGICZNA, [&hellip;]<\/p>\n","protected":false},"author":1,"featured_media":0,"parent":0,"menu_order":0,"comment_status":"closed","ping_status":"closed","template":"","meta":{"_et_pb_use_builder":"on","_et_pb_old_content":"","_et_gb_content_width":"","footnotes":""},"class_list":["post-6","page","type-page","status-publish","hentry"],"_links":{"self":[{"href":"https:\/\/psychoedu.pl\/index.php?rest_route=\/wp\/v2\/pages\/6","targetHints":{"allow":["GET"]}}],"collection":[{"href":"https:\/\/psychoedu.pl\/index.php?rest_route=\/wp\/v2\/pages"}],"about":[{"href":"https:\/\/psychoedu.pl\/index.php?rest_route=\/wp\/v2\/types\/page"}],"author":[{"embeddable":true,"href":"https:\/\/psychoedu.pl\/index.php?rest_route=\/wp\/v2\/users\/1"}],"replies":[{"embeddable":true,"href":"https:\/\/psychoedu.pl\/index.php?rest_route=%2Fwp%2Fv2%2Fcomments&post=6"}],"version-history":[{"count":127,"href":"https:\/\/psychoedu.pl\/index.php?rest_route=\/wp\/v2\/pages\/6\/revisions"}],"predecessor-version":[{"id":426,"href":"https:\/\/psychoedu.pl\/index.php?rest_route=\/wp\/v2\/pages\/6\/revisions\/426"}],"wp:attachment":[{"href":"https:\/\/psychoedu.pl\/index.php?rest_route=%2Fwp%2Fv2%2Fmedia&parent=6"}],"curies":[{"name":"wp","href":"https:\/\/api.w.org\/{rel}","templated":true}]}}